{"id":24,"date":"2015-06-22T19:30:51","date_gmt":"2015-06-22T17:30:51","guid":{"rendered":"http:\/\/fmisd.de\/?page_id=24"},"modified":"2026-03-31T18:06:20","modified_gmt":"2026-03-31T16:06:20","slug":"kontakt","status":"publish","type":"page","link":"http:\/\/fmisd.de\/?page_id=24","title":{"rendered":"Kontakt"},"content":{"rendered":"<p>&nbsp;<\/p>\n<h3>Booking-Anfragen, W\u00fcnsche und Kommentare bitte \u00fcber:<\/h3>\n<p><strong><img loading=\"lazy\" decoding=\"async\" class=\"alignleft wp-image-117 size-full\" src=\"http:\/\/fmisd.de\/wp-content\/uploads\/2015\/06\/Kleeblatt30x30.gif\" alt=\"Kleeblatt30x30\" width=\"30\" height=\"31\"><\/strong><\/p>\n<p><strong>&nbsp;Paddy&#8217;s Law &#8211; folk and more<\/strong><\/p>\n<p><strong>Phone: +49 392 &nbsp;655 17 33<\/strong><br \/>\n<strong> Mobil: +49 157 &nbsp;75 37 37 73<br \/>\n<\/strong><br \/>\nEmail: <strong><a href=\"mailto:info@jwmusic.de\" target=\"_blank\" rel=\"noopener\">info@paddyslaw.de<\/a><\/strong><\/p>\n<p>Holger Hess<br \/>\nLange Stra\u00dfe 29<br \/>\n39446 Sta\u00dffurt<\/p>\n<p><img loading=\"lazy\" decoding=\"async\" class=\"alignleft wp-image-117 size-full\" src=\"http:\/\/fmisd.de\/wp-content\/uploads\/2015\/06\/Kleeblatt30x30.gif\" alt=\"Kleeblatt30x30\" width=\"30\" height=\"31\">&nbsp;<strong>Oder nutzt einfach das Kontaktformular:<\/strong><\/p>\n<div role=\"form\" class=\"wpcf7\" id=\"wpcf7-f127-o1\" lang=\"de-DE\" dir=\"ltr\">\n<div class=\"screen-reader-response\"><\/div>\n<form name=\"\" action=\"\/index.php?rest_route=%2Fwp%2Fv2%2Fpages%2F24#wpcf7-f127-o1\" method=\"post\" class=\"wpcf7-form\" novalidate=\"novalidate\">\n<div style=\"display: none;\">\n<input type=\"hidden\" name=\"_wpcf7\" value=\"127\" \/>\n<input type=\"hidden\" name=\"_wpcf7_version\" value=\"4.2.1\" \/>\n<input type=\"hidden\" name=\"_wpcf7_locale\" value=\"de_DE\" \/>\n<input type=\"hidden\" name=\"_wpcf7_unit_tag\" value=\"wpcf7-f127-o1\" \/>\n<input type=\"hidden\" name=\"_wpnonce\" value=\"86b41650f2\" \/>\n<\/div>\n<p><span class=\"wpcf7-form-control-wrap radio-66\"><span class=\"wpcf7-form-control wpcf7-radio\"><\/span><\/span>\n<p>Ihr Name (Pflichtfeld)<br \/>\n    <span class=\"wpcf7-form-control-wrap your-name\"><input type=\"text\" name=\"your-name\" value=\"\" size=\"40\" class=\"wpcf7-form-control wpcf7-text wpcf7-validates-as-required\" aria-required=\"true\" aria-invalid=\"false\" \/><\/span> <\/p>\n<p><span class=\"wpcf7-form-control-wrap radio-66\"><span class=\"wpcf7-form-control wpcf7-radio\"><\/span><\/span>\n<p>Ihre E-Mail-Adresse (Pflichtfeld)<br \/>\n    <span class=\"wpcf7-form-control-wrap your-email\"><input type=\"email\" name=\"your-email\" value=\"\" size=\"40\" class=\"wpcf7-form-control wpcf7-text wpcf7-email wpcf7-validates-as-required wpcf7-validates-as-email\" aria-required=\"true\" aria-invalid=\"false\" \/><\/span> <\/p>\n<p><span class=\"wpcf7-form-control-wrap radio-66\"><span class=\"wpcf7-form-control wpcf7-radio\"><\/span><\/span>\n<p>Betreff<br \/>\n    <span class=\"wpcf7-form-control-wrap your-subject\"><input type=\"text\" name=\"your-subject\" value=\"\" size=\"40\" class=\"wpcf7-form-control wpcf7-text\" aria-invalid=\"false\" \/><\/span> <\/p>\n<p><span class=\"wpcf7-form-control-wrap radio-66\"><span class=\"wpcf7-form-control wpcf7-radio\"><\/span><\/span>\n<p>Ihre Nachricht<br \/>\n    <span class=\"wpcf7-form-control-wrap your-message\"><textarea name=\"your-message\" cols=\"40\" rows=\"10\" class=\"wpcf7-form-control wpcf7-textarea\" aria-invalid=\"false\"><\/textarea><\/span> <\/p>\n<p><span class=\"wpcf7-form-control-wrap radio-66\"><span class=\"wpcf7-form-control wpcf7-radio\"><\/span><\/span>\n<p><input type=\"submit\" value=\"Senden\" class=\"wpcf7-form-control wpcf7-submit\" \/><\/p>\n<div class=\"wpcf7-response-output wpcf7-display-none\"><\/div><\/form><\/div>\n<p>Mit dem Klick auf &nbsp;&#8222;Senden&#8220; erlauben Sie ausdr\u00fccklich, dass F.misd Sie kontaktiert.<br \/>\nSie erkl\u00e4ren damit auch, die <span style=\"color: #0000ff;\"><strong><span style=\"text-decoration: underline;\"><a style=\"color: #0000ff; text-decoration: underline;\" href=\"http:\/\/fmisd.de\/?page_id=14\">Datenschutzerkl\u00e4rung<\/a><\/span><\/strong><\/span>&nbsp;gelesen zu haben und einverstanden zu sein.<br \/>\nDurch einen Klick auf den obigen Link (unterstrichen) zur Datenschutzerkl\u00e4rung k\u00f6nnen Sie diese lesen.<\/p>\n","protected":false},"excerpt":{"rendered":"<p>&nbsp; Booking-Anfragen, W\u00fcnsche und Kommentare bitte \u00fcber: &nbsp;Paddy&#8217;s Law &#8211; folk and more Phone: +49 392 &nbsp;655 17 33 Mobil: +49 157 &nbsp;75 37 37 73 Email: info@paddyslaw.de Holger Hess Lange Stra\u00dfe 29 39446 Sta\u00dffurt &nbsp;Oder nutzt einfach das Kontaktformular: Mit dem Klick auf &nbsp;&#8222;Senden&#8220; erlauben Sie ausdr\u00fccklich, dass F.misd Sie kontaktiert. Sie erkl\u00e4ren damit &#8230; <a class=\"read-more\" href=\"http:\/\/fmisd.de\/?page_id=24\">Weiterlesen &#8230;<\/a><\/p>\n","protected":false},"author":1,"featured_media":0,"parent":0,"menu_order":0,"comment_status":"closed","ping_status":"open","template":"","meta":{"ngg_post_thumbnail":0,"footnotes":""},"class_list":["post-24","page","type-page","status-publish","hentry"],"_links":{"self":[{"href":"http:\/\/fmisd.de\/index.php?rest_route=\/wp\/v2\/pages\/24","targetHints":{"allow":["GET"]}}],"collection":[{"href":"http:\/\/fmisd.de\/index.php?rest_route=\/wp\/v2\/pages"}],"about":[{"href":"http:\/\/fmisd.de\/index.php?rest_route=\/wp\/v2\/types\/page"}],"author":[{"embeddable":true,"href":"http:\/\/fmisd.de\/index.php?rest_route=\/wp\/v2\/users\/1"}],"replies":[{"embeddable":true,"href":"http:\/\/fmisd.de\/index.php?rest_route=%2Fwp%2Fv2%2Fcomments&post=24"}],"version-history":[{"count":34,"href":"http:\/\/fmisd.de\/index.php?rest_route=\/wp\/v2\/pages\/24\/revisions"}],"predecessor-version":[{"id":2139,"href":"http:\/\/fmisd.de\/index.php?rest_route=\/wp\/v2\/pages\/24\/revisions\/2139"}],"wp:attachment":[{"href":"http:\/\/fmisd.de\/index.php?rest_route=%2Fwp%2Fv2%2Fmedia&parent=24"}],"curies":[{"name":"wp","href":"https:\/\/api.w.org\/{rel}","templated":true}]}}