{"id":40,"date":"2015-06-22T20:26:42","date_gmt":"2015-06-22T18:26:42","guid":{"rendered":"http:\/\/fmisd.de\/?page_id=40"},"modified":"2026-02-25T11:48:09","modified_gmt":"2026-02-25T10:48:09","slug":"presseveranstalter","status":"publish","type":"page","link":"http:\/\/fmisd.de\/?page_id=40","title":{"rendered":"Presse\/Veranstalter"},"content":{"rendered":"<p>Bildmaterial f\u00fcr die Presse \/ Veranstalter, Info&#8217;s zur Technik und mehr:<\/p>\n<h4><strong>Technik:<\/strong><\/h4>\n<p>Kleinere Veranstaltungen bis ca. 200 Personen oder ca. 200 Quadratmeter Fl\u00e4che beschallen wir mit<br \/>\nunserer Technik alleine.<br \/>\nF\u00fcr gr\u00f6\u00dfere Veranstaltungen sind wir auf Fremdtechnik angewiesen. Bitte fordert dazu unseren<br \/>\nakuellen Technik-Rider entweder telefonisch unter 0392 655 17 33, per <strong><a href=\"http:\/\/fmisd.de\/?page_id=24\">Email<\/a><\/strong>\u00a0 oder per Download auf dieser Seite an.<\/p>\n<h4><strong>Flyer und Plakat-Service:<\/strong><\/h4>\n<p>Gern erstellen wir f\u00fcr Eure Veranstaltung spezifische Flyer (Format A5) oder Plakate (Format A3). Das druckfertige Layout senden wir Euch nach Erstellung per Email zu. Sprecht uns einfach darauf an.<\/p>\n<p><strong>Technik-Rider<\/strong>: Ladet hier unseren aktuellen <strong>Technik-Rider<\/strong> und\/oder <strong>Stage Plan<\/strong> herunter:<\/p>\n<h4><span style=\"color: #000080;\"><strong><span style=\"color: #000080;\">\u00a0 \u00a0\u00a0<a style=\"color: #000080;\" href=\"http:\/\/fmisd.de\/?page_id=961\">Paddy&#8217;s Law Technik-Rider 2026<\/a>\u00a0\u00a0 <span style=\"color: #000000;\">(Download Link)<\/span><\/span><span style=\"color: #000000;\">\u00a0\u00a0<\/span><\/strong><strong>\u00a0<img loading=\"lazy\" decoding=\"async\" class=\"alignleft size-full wp-image-117\" src=\"http:\/\/fmisd.de\/wp-content\/uploads\/2015\/06\/Kleeblatt30x30.gif\" alt=\"Kleeblatt30x30\" width=\"30\" height=\"31\" \/>\u00a0 \u00a0<\/strong><\/span><\/h4>\n<h4><a style=\"color: #000080;\" href=\"http:\/\/fmisd.de\/?page_id=961\"><img loading=\"lazy\" decoding=\"async\" class=\"alignleft size-full wp-image-117\" src=\"http:\/\/fmisd.de\/wp-content\/uploads\/2015\/06\/Kleeblatt30x30.gif\" alt=\"Kleeblatt30x30\" width=\"30\" height=\"31\" \/><\/a>\u00a0 \u00a0\u00a0<strong><a style=\"color: #000080;\" href=\"http:\/\/fmisd.de\/?page_id=961\">Paddy&#8217;s Law Stage-Plan 2026<\/a><span style=\"color: #000080;\">\u00a0\u00a0 <span style=\"color: #000000;\">(Download Link)<\/span><\/span><\/strong><strong><a style=\"color: #000080;\" href=\"http:\/\/fmisd.de\/?page_id=961\"><br \/>\n<\/a><\/strong><\/h4>\n<p><strong>Bandfotos:<\/strong><\/p>\n<p>Hier findet Ihr hochaufl\u00f6sende Promo- \/ Pressefotos zum Download.<\/p>\n<p>Promo-\/Pressefoto 1\u00a0 (4000 Pixel) 5,2 Mb &#8211; Format .jpg<\/p>\n<p><a href=\"http:\/\/fmisd.de\/wp-content\/uploads\/2026\/01\/PL_Karte_01-Jan.2026_PRESSE-scaled.jpg\" target=\"_blank\" rel=\"noopener\"><img loading=\"lazy\" decoding=\"async\" class=\"alignleft wp-image-1972 size-medium\" src=\"http:\/\/fmisd.de\/wp-content\/uploads\/2026\/02\/PL_Jan.2026_PRESSE-01-scaled-300x200.jpg\" alt=\"\" width=\"300\" height=\"200\" srcset=\"http:\/\/fmisd.de\/wp-content\/uploads\/2026\/02\/PL_Jan.2026_PRESSE-01-scaled-300x200.jpg 300w, http:\/\/fmisd.de\/wp-content\/uploads\/2026\/02\/PL_Jan.2026_PRESSE-01-scaled-1024x683.jpg 1024w, http:\/\/fmisd.de\/wp-content\/uploads\/2026\/02\/PL_Jan.2026_PRESSE-01-768x512.jpg 768w, http:\/\/fmisd.de\/wp-content\/uploads\/2026\/02\/PL_Jan.2026_PRESSE-01-1536x1024.jpg 1536w, http:\/\/fmisd.de\/wp-content\/uploads\/2026\/02\/PL_Jan.2026_PRESSE-01-2048x1366.jpg 2048w\" sizes=\"auto, (max-width: 300px) 100vw, 300px\" \/><\/a><\/p>\n<p>&nbsp;<\/p>\n<p>&nbsp;<\/p>\n<p>&nbsp;<\/p>\n<p>&nbsp;<\/p>\n<p>&nbsp;<\/p>\n<p>Promo-\/Pressefoto 2 (4000 Pixel) 15,5 Mb &#8211; Format .jpg<\/p>\n<p><a href=\"http:\/\/fmisd.de\/wp-content\/uploads\/2026\/01\/PL_Karte_02-Jan.2026_Presse-scaled.jpg\" target=\"_blank\" rel=\"noopener\"><img loading=\"lazy\" decoding=\"async\" class=\"alignleft wp-image-1973 size-medium\" src=\"http:\/\/fmisd.de\/wp-content\/uploads\/2026\/02\/PL_PRESSE_02-scaled-300x200.jpg\" alt=\"\" width=\"300\" height=\"200\" srcset=\"http:\/\/fmisd.de\/wp-content\/uploads\/2026\/02\/PL_PRESSE_02-scaled-300x200.jpg 300w, http:\/\/fmisd.de\/wp-content\/uploads\/2026\/02\/PL_PRESSE_02-scaled-1024x683.jpg 1024w, http:\/\/fmisd.de\/wp-content\/uploads\/2026\/02\/PL_PRESSE_02-768x512.jpg 768w, http:\/\/fmisd.de\/wp-content\/uploads\/2026\/02\/PL_PRESSE_02-1536x1024.jpg 1536w, http:\/\/fmisd.de\/wp-content\/uploads\/2026\/02\/PL_PRESSE_02-2048x1366.jpg 2048w\" sizes=\"auto, (max-width: 300px) 100vw, 300px\" \/><\/a><\/p>\n<p>&nbsp;<\/p>\n<p>&nbsp;<\/p>\n<p>&nbsp;<\/p>\n<p>&nbsp;<\/p>\n<p>&nbsp;<\/p>\n<p>Das Plakat f\u00fcr Eure Veranstaltung fertig zum Ausdruck im<strong> Format A3<\/strong> (300 dpi) Dateigr\u00f6\u00dfe ca. 6 Mb &#8211; Format .jpg<\/p>\n<p><a href=\"http:\/\/fmisd.de\/wp-content\/uploads\/2026\/02\/Paddys-Law-Plakat-A3-Blanko_2026_PRINT_1-scaled.jpg\" target=\"_blank\" rel=\"noopener\"><img loading=\"lazy\" decoding=\"async\" class=\"alignnone wp-image-1967 size-medium\" src=\"http:\/\/fmisd.de\/wp-content\/uploads\/2026\/02\/Paddys-Law-Plakat-A3-Blanko_2026_PRINT_1-scaled-213x300.jpg\" alt=\"\" width=\"213\" height=\"300\" srcset=\"http:\/\/fmisd.de\/wp-content\/uploads\/2026\/02\/Paddys-Law-Plakat-A3-Blanko_2026_PRINT_1-scaled-213x300.jpg 213w, http:\/\/fmisd.de\/wp-content\/uploads\/2026\/02\/Paddys-Law-Plakat-A3-Blanko_2026_PRINT_1-scaled-728x1024.jpg 728w, http:\/\/fmisd.de\/wp-content\/uploads\/2026\/02\/Paddys-Law-Plakat-A3-Blanko_2026_PRINT_1-768x1080.jpg 768w, http:\/\/fmisd.de\/wp-content\/uploads\/2026\/02\/Paddys-Law-Plakat-A3-Blanko_2026_PRINT_1-1093x1536.jpg 1093w, http:\/\/fmisd.de\/wp-content\/uploads\/2026\/02\/Paddys-Law-Plakat-A3-Blanko_2026_PRINT_1-1457x2048.jpg 1457w, http:\/\/fmisd.de\/wp-content\/uploads\/2026\/02\/Paddys-Law-Plakat-A3-Blanko_2026_PRINT_1-scaled.jpg 1821w\" sizes=\"auto, (max-width: 213px) 100vw, 213px\" \/><\/a><\/p>\n<h5><\/h5>\n<h5><\/h5>\n<h5><\/h5>\n<h5><\/h5>\n<h5><\/h5>\n<h5><\/h5>\n<h5><\/h5>\n<h5>Zum Download Klick auf das jeweilige Bild. Dieses \u00f6ffnet sich in einem neuen Fenster, \u00a0dann weiter mit Klick auf rechte Maustaste &#8222;Verkn\u00fcpfte Datei laden unter . . &#8220; usw . . .<br \/>\nVariiert je nach verwendetem Browser.<\/h5>\n<p><span style=\"color: #333399;\"><strong>Folgt uns auf Social Media!<\/strong><\/span><\/p>\n<p><a href=\"http:\/\/www.facebook.com\/fmisd\" target=\"_blank\" rel=\"noopener\"><img loading=\"lazy\" decoding=\"async\" class=\"alignnone wp-image-1985 size-full\" src=\"http:\/\/fmisd.de\/wp-content\/uploads\/2026\/02\/FB-Logo_70x70-Px.jpg\" alt=\"\" width=\"70\" height=\"70\" \/><\/a><\/p>\n<p><a href=\"http:\/\/instagram.com\/paddyslaw\" target=\"_blank\" rel=\"noopener\"><img loading=\"lazy\" decoding=\"async\" class=\"alignleft wp-image-1983 size-full\" src=\"http:\/\/fmisd.de\/wp-content\/uploads\/2026\/02\/Inst-Logo-70x70Px.jpg\" alt=\"\" width=\"70\" height=\"70\" \/><\/a><\/p>\n<p>&nbsp;<\/p>\n","protected":false},"excerpt":{"rendered":"<p>Bildmaterial f\u00fcr die Presse \/ Veranstalter, Info&#8217;s zur Technik und mehr: Technik: Kleinere Veranstaltungen bis ca. 200 Personen oder ca. 200 Quadratmeter Fl\u00e4che beschallen wir mit unserer Technik alleine. F\u00fcr gr\u00f6\u00dfere Veranstaltungen sind wir auf Fremdtechnik angewiesen. Bitte fordert dazu unseren akuellen Technik-Rider entweder telefonisch unter 0392 655 17 33, per Email\u00a0 oder per Download &#8230; <a class=\"read-more\" href=\"http:\/\/fmisd.de\/?page_id=40\">Weiterlesen &#8230;<\/a><\/p>\n","protected":false},"author":1,"featured_media":0,"parent":0,"menu_order":0,"comment_status":"closed","ping_status":"open","template":"","meta":{"ngg_post_thumbnail":0,"footnotes":""},"class_list":["post-40","page","type-page","status-publish","hentry"],"_links":{"self":[{"href":"http:\/\/fmisd.de\/index.php?rest_route=\/wp\/v2\/pages\/40","targetHints":{"allow":["GET"]}}],"collection":[{"href":"http:\/\/fmisd.de\/index.php?rest_route=\/wp\/v2\/pages"}],"about":[{"href":"http:\/\/fmisd.de\/index.php?rest_route=\/wp\/v2\/types\/page"}],"author":[{"embeddable":true,"href":"http:\/\/fmisd.de\/index.php?rest_route=\/wp\/v2\/users\/1"}],"replies":[{"embeddable":true,"href":"http:\/\/fmisd.de\/index.php?rest_route=%2Fwp%2Fv2%2Fcomments&post=40"}],"version-history":[{"count":96,"href":"http:\/\/fmisd.de\/index.php?rest_route=\/wp\/v2\/pages\/40\/revisions"}],"predecessor-version":[{"id":1988,"href":"http:\/\/fmisd.de\/index.php?rest_route=\/wp\/v2\/pages\/40\/revisions\/1988"}],"wp:attachment":[{"href":"http:\/\/fmisd.de\/index.php?rest_route=%2Fwp%2Fv2%2Fmedia&parent=40"}],"curies":[{"name":"wp","href":"https:\/\/api.w.org\/{rel}","templated":true}]}}