{"id":44,"date":"2015-06-23T13:27:00","date_gmt":"2015-06-23T11:27:00","guid":{"rendered":"http:\/\/fmisd.de\/?page_id=44"},"modified":"2026-03-30T17:33:20","modified_gmt":"2026-03-30T15:33:20","slug":"willkommen-2","status":"publish","type":"page","link":"http:\/\/fmisd.de\/","title":{"rendered":"Willkommen bei Paddy&#8217;s Law !"},"content":{"rendered":"\n<div class=\"wp-block-columns is-layout-flex wp-container-core-columns-is-layout-9d6595d7 wp-block-columns-is-layout-flex\">\n<div class=\"wp-block-column is-layout-flow wp-block-column-is-layout-flow\" style=\"flex-basis:100%\">\n<p><strong>NEUER NAME. NEUE ENERGIE. GLEICHE LEIDENSCHAFT !<\/strong><br>Manche Kapitel enden \u2013 damit bessere beginnen.<br>Nach vielen gro\u00dfartigen Jahren als F.misd schlagen wir jetzt ein neues auf:<\/p>\n<p><strong><img loading=\"lazy\" decoding=\"async\" class=\"alignnone wp-image-1965 size-full\" src=\"http:\/\/fmisd.de\/wp-content\/uploads\/2026\/02\/Logo_PaddysLaw_farbig_WEB-500PX.jpg\" alt=\"\" width=\"500\" height=\"250\" srcset=\"http:\/\/fmisd.de\/wp-content\/uploads\/2026\/02\/Logo_PaddysLaw_farbig_WEB-500PX.jpg 500w, http:\/\/fmisd.de\/wp-content\/uploads\/2026\/02\/Logo_PaddysLaw_farbig_WEB-500PX-300x150.jpg 300w\" sizes=\"auto, (max-width: 500px) 100vw, 500px\" \/><\/strong><\/p>\n<p>Was bleibt?\u2028 Irish &amp; Scottish Folk\u2028 Songs f\u00fcrs Mitsingen\u2028. Beine, die nicht stillstehen\u2028, Abende, die man nicht vergisst.<br>Neue Energie, neuer Sound, neue Ideen.<\/p>\n<p><img loading=\"lazy\" decoding=\"async\" class=\"alignleft wp-image-1977 size-large\" src=\"http:\/\/fmisd.de\/wp-content\/uploads\/2026\/02\/PL_Homepage-BIld_1-1024x683.jpg\" alt=\"\" width=\"1024\" height=\"683\" srcset=\"http:\/\/fmisd.de\/wp-content\/uploads\/2026\/02\/PL_Homepage-BIld_1-1024x683.jpg 1024w, http:\/\/fmisd.de\/wp-content\/uploads\/2026\/02\/PL_Homepage-BIld_1-300x200.jpg 300w, http:\/\/fmisd.de\/wp-content\/uploads\/2026\/02\/PL_Homepage-BIld_1-768x512.jpg 768w, http:\/\/fmisd.de\/wp-content\/uploads\/2026\/02\/PL_Homepage-BIld_1-1536x1024.jpg 1536w, http:\/\/fmisd.de\/wp-content\/uploads\/2026\/02\/PL_Homepage-BIld_1-2048x1366.jpg 2048w\" sizes=\"auto, (max-width: 1024px) 100vw, 1024px\" \/><\/p>\n<p>&nbsp;<\/p>\n<p><strong>Paddy&#8217;s Law &#8211; Der Name steht vor allem f\u00fcr Finest Folk und noch viel mehr. Aus der Mitte Deutschlands und doch mit ganzem Herzen in Irland, in der keltischen und irischen Welt und ihrer Musik.<\/strong><\/p>\n<p><strong>Immer handgemacht, manchmal derb, dann wieder die sanfte Ballade &#8211; raus auf&#8217;s Meer, einmal um die halbe Welt und zur\u00fcck zu den Klassikern der Irish Pubs.<\/strong><\/p>\n<p><strong>Dabei sind viele Songs \u00fcber die Liebe, alte Mythen und Legenden, den irischen Alltag und das Leben, aber auch \u00fcber den Verlust der Heimat, das Leben in einer neuen Welt und die nie aufh\u00f6rende Sehnsucht nach der Gr\u00fcnen Insel.<\/strong><\/p>\n<p><strong>Ob abendf\u00fcllend oder auch konzertant &#8211; Paddy&#8217;s Law ist ein Garant f\u00fcr einen ausgelassenen Abend voller Spa\u00df, Tanz, Mitsingen und das Erleben irischer Lebensfreude.<\/strong><\/p>\n<p><strong>Wir freuen uns auf Euch!<\/strong><\/p>\n<p><strong><span style=\"color: #008000;\">Paddy&#8217;s Law sind:<\/span><br><\/strong>Ronny &#8211; Drums, Vocals<br>Julia &#8211; Fiddle<br>Achim &#8211; Vocals, Gitarre, Banjo<br>Janica &#8211; Vocals, Akkordeon<br>Holger &#8211; Vocals, Bass<\/p>\n<p><img loading=\"lazy\" decoding=\"async\" class=\"alignnone wp-image-1978 size-large\" src=\"http:\/\/fmisd.de\/wp-content\/uploads\/2026\/02\/PL_Homepage-BIld_2-1024x683.jpg\" alt=\"\" width=\"1024\" height=\"683\" srcset=\"http:\/\/fmisd.de\/wp-content\/uploads\/2026\/02\/PL_Homepage-BIld_2-1024x683.jpg 1024w, http:\/\/fmisd.de\/wp-content\/uploads\/2026\/02\/PL_Homepage-BIld_2-300x200.jpg 300w, http:\/\/fmisd.de\/wp-content\/uploads\/2026\/02\/PL_Homepage-BIld_2-768x512.jpg 768w, http:\/\/fmisd.de\/wp-content\/uploads\/2026\/02\/PL_Homepage-BIld_2-1536x1024.jpg 1536w, http:\/\/fmisd.de\/wp-content\/uploads\/2026\/02\/PL_Homepage-BIld_2-2048x1366.jpg 2048w\" sizes=\"auto, (max-width: 1024px) 100vw, 1024px\" \/><\/p>\n<p><span style=\"color: #333399;\"><strong>Folgt uns auf Social-Media!<\/strong><\/span><\/p>\n<p><strong><a href=\"http:\/\/www.facebook.com\/fmisd\" target=\"_blank\" rel=\"http:\/\/www.facebook.com\/fmisd noopener\"><img loading=\"lazy\" decoding=\"async\" class=\"alignleft wp-image-1985\" src=\"http:\/\/fmisd.de\/wp-content\/uploads\/2026\/02\/FB-Logo_70x70-Px.jpg\" alt=\"\" width=\"50\" height=\"50\"><\/a><\/strong><\/p>\n<p>&nbsp;<\/p>\n<p>&nbsp;<\/p>\n<p><a href=\"http:\/\/instagram.com\/paddyslaw\" target=\"_blank\" rel=\"noopener\"><img loading=\"lazy\" decoding=\"async\" class=\"alignnone wp-image-1983\" src=\"http:\/\/fmisd.de\/wp-content\/uploads\/2026\/02\/Inst-Logo-70x70Px.jpg\" alt=\"\" width=\"50\" height=\"50\"><\/a><\/p>\n<\/div>\n<\/div>\n","protected":false},"excerpt":{"rendered":"<p>NEUER NAME. NEUE ENERGIE. GLEICHE LEIDENSCHAFT !Manche Kapitel enden \u2013 damit bessere beginnen.Nach vielen gro\u00dfartigen Jahren als F.misd schlagen wir jetzt ein neues auf: Was bleibt?\u2028 Irish &amp; Scottish Folk\u2028 Songs f\u00fcrs Mitsingen\u2028. Beine, die nicht stillstehen\u2028, Abende, die man nicht vergisst.Neue Energie, neuer Sound, neue Ideen. &nbsp; Paddy&#8217;s Law &#8211; Der Name steht vor &#8230; <a class=\"read-more\" href=\"http:\/\/fmisd.de\/\">Weiterlesen &#8230;<\/a><\/p>\n","protected":false},"author":1,"featured_media":0,"parent":0,"menu_order":0,"comment_status":"closed","ping_status":"open","template":"","meta":{"ngg_post_thumbnail":0,"footnotes":""},"class_list":["post-44","page","type-page","status-publish","hentry"],"_links":{"self":[{"href":"http:\/\/fmisd.de\/index.php?rest_route=\/wp\/v2\/pages\/44","targetHints":{"allow":["GET"]}}],"collection":[{"href":"http:\/\/fmisd.de\/index.php?rest_route=\/wp\/v2\/pages"}],"about":[{"href":"http:\/\/fmisd.de\/index.php?rest_route=\/wp\/v2\/types\/page"}],"author":[{"embeddable":true,"href":"http:\/\/fmisd.de\/index.php?rest_route=\/wp\/v2\/users\/1"}],"replies":[{"embeddable":true,"href":"http:\/\/fmisd.de\/index.php?rest_route=%2Fwp%2Fv2%2Fcomments&post=44"}],"version-history":[{"count":136,"href":"http:\/\/fmisd.de\/index.php?rest_route=\/wp\/v2\/pages\/44\/revisions"}],"predecessor-version":[{"id":2118,"href":"http:\/\/fmisd.de\/index.php?rest_route=\/wp\/v2\/pages\/44\/revisions\/2118"}],"wp:attachment":[{"href":"http:\/\/fmisd.de\/index.php?rest_route=%2Fwp%2Fv2%2Fmedia&parent=44"}],"curies":[{"name":"wp","href":"https:\/\/api.w.org\/{rel}","templated":true}]}}